{"id":193,"date":"2020-12-12T19:41:17","date_gmt":"2020-12-12T19:41:17","guid":{"rendered":"https:\/\/vs-noetsch.ksn.at\/?page_id=193"},"modified":"2022-10-04T10:22:39","modified_gmt":"2022-10-04T10:22:39","slug":"schulleitbild","status":"publish","type":"page","link":"https:\/\/vs-noetsch.ksn.at\/?page_id=193","title":{"rendered":"Schulleitbild\/vodilo"},"content":{"rendered":"<h2>Leitbild &#8211; \u0160olska na\u010dela<\/h2>\n<p>Im Mittelpunkt unserer Arbeit steht das Kind.<br \/>\n<span style=\"font-size: 1rem;\">Otrok je sredi\u0161\u010de na\u0161ega dela.<\/span><\/p>\n<p>Wir betrachten es als unsere Aufgabe, jedes Kind individuell nach seinen F\u00e4higkeiten zu f\u00f6rdern und zu fordern.<br \/>\nNa\u0161a naloga je, da vsakega otroka individualno spremljamo in podpiramo ter mu damo mo\u017enost, da se razvija po njegovih najbolj\u0161ih zmo\u017enostih.<\/p>\n<p>Ein h\u00f6flicher und respektvoller Umgang miteinander liegt uns ebenso am Herzen wie gegenseitige Wertsch\u00e4tzung und Toleranz.<br \/>\nPomembni so nam prijazno in spo\u0161tljivo medsebojno sodelovanje, prav tako tudi medsebojno spo\u0161tovanje in strpnost.<\/p>\n<p><a href=\"https:\/\/vs-noetsch.ksn.at\/wp-content\/uploads\/2021\/03\/Schullogo_rund_sehrklein.png\"><img decoding=\"async\" class=\"aligncenter size-thumbnail wp-image-343\" src=\"https:\/\/vs-noetsch.ksn.at\/wp-content\/uploads\/2021\/03\/Schullogo_rund_sehrklein-150x150.png\" alt=\"\" width=\"150\" height=\"150\" srcset=\"https:\/\/vs-noetsch.ksn.at\/wp-content\/uploads\/2021\/03\/Schullogo_rund_sehrklein-150x150.png 150w, https:\/\/vs-noetsch.ksn.at\/wp-content\/uploads\/2021\/03\/Schullogo_rund_sehrklein-100x100.png 100w\" sizes=\"(max-width: 150px) 100vw, 150px\" \/><\/a><\/p>\n<p>Unser Ziel ist es, den Kindern das Erlernen der zweiten Landessprache zu erm\u00f6glichen, ihnen die Sprachen der Nachbarl\u00e4nder n\u00e4her zu bringen um ihnen so erste Einblicke in ein multikulturelles Europa zu bieten.<br \/>\nNa\u0161 cilj je, da nudimo otrokom mo\u017enost u\u010denja drugega dr\u017eavnega jezika, jim pribli\u017eati jezike sosednjih dr\u017eav ter jim na ta na\u010din nuditi prve vpoglede v multikulturalnost Evrope.<\/p>\n<p>Wir f\u00f6rdern eine gute Schulpartnerschaft und sch\u00e4tzen die Zusammenarbeit mit den Erziehungsberechtigten, dem Kindergarten, der Mittelschule und anderen Kulturtr\u00e4gern in unserer Region.<br \/>\nPodpiramo dobro \u0161olsko partnerstvo in spo\u0161tujemo sodelovanje z zakonitimi skrbniki, vrtcem, novo srednjo \u0161olo ter drugimi kulturnimi nosilci na\u0161e regije.<\/p>\n<p>Wir setzen auf p\u00e4dagogische Neuerungen, zeitgem\u00e4\u00dfe Wissensvermittlung und bieten ein fundiertes Grundwissen.<br \/>\nSpremljamo pedago\u0161ke novosti ter posredujemo aktualno in temeljito bazo splo\u0161nega znanja.<\/p>\n<p>Als Naturpark-Partner-Schule liegt uns der Natur- und Umweltschutzgedanke sehr am Herzen.<br \/>\nKer smo \u0161olski partner naravnega parka, nam je varstvo narave in okolja \u0161e posebej pri srcu.<\/p>\n<p>Die Freude am Lernen und ein respektvoller Umgang sind nicht nur Schlagworte, sie werden an dieser Schule auch tats\u00e4chlich gelebt. Dies f\u00f6rdert nicht nur eine gute soziale Entwicklung der Kinder, sondern tr\u00e4gt zu einem harmonischen Miteinander und Zusammengeh\u00f6rigkeitsgef\u00fchl wesentlich bei.<\/p>\n<p>An der zweisprachigen VS-N\u00f6tsch\/L\u0160-\u010cajna sind 12 Stammschullehrer t\u00e4tig und unterrichten 95 Sch\u00fcler und Sch\u00fclerinnen. Es gibt 8 Klassen. Beinahe 1\/3 unserer Sch\u00fcler sind zum zweisprachigen Unterricht im Sinne des Minderheitenschulwesens angemeldet. Die Erhaltung des slowenischen Gailtaler-Dialektes ist der Schulleitung wichtig. Es gibt eine Integrationsklasse.<\/p>\n<p>An unserer Schule gibt es eine sch\u00f6ne Bibliothek, welche von den Kindern regelm\u00e4\u00dfig gen\u00fctzt und sehr gern angenommen wird.<\/p>\n<p>Seit 2018 sind wir Naturparkpartnerschule. Der Naturschutz und die abwechslungsreichen Aktivit\u00e4ten in Zusammenarbeit mit dem Verein \u201eNaturpark Dobratsch\u201c sind uns wichtig. Im Sinne der \u201eGesunden Schule\u201c steht eine gesunde und ausgewogene Ern\u00e4hrung. Die Hinf\u00fchrung zur Konsumation regionaler Produkte aus biologischem Anbau, und artengerechter Haltung ist Ziel des Unterrichtsgeschehens<\/p>\n<p>Sport und Bewegung spielen ebenso eine gro\u00dfe Rolle, wie auch die F\u00f6rderung der Kunst.\u00a0 Unsere Sch\u00fcler nehmen alle Jahre an internationalen Malwettbewerben teil. Die Zusammenarbeit mit dem Museum des N\u00f6tscher-Kreises ist hervorragend und wird von den Kindern mit Begeisterung angenommen.<\/p>\n","protected":false},"excerpt":{"rendered":"<p>Leitbild &#8211; \u0160olska na\u010dela Im Mittelpunkt unserer Arbeit steht das Kind. Otrok je sredi\u0161\u010de na\u0161ega dela. Wir betrachten es als unsere Aufgabe, jedes Kind individuell nach seinen F\u00e4higkeiten zu f\u00f6rdern und zu fordern. Na\u0161a naloga je, da vsakega otroka individualno spremljamo in podpiramo ter mu damo mo\u017enost, da se razvija po njegovih najbolj\u0161ih zmo\u017enostih. Ein &hellip; <\/p>\n<p class=\"link-more\"><a href=\"https:\/\/vs-noetsch.ksn.at\/?page_id=193\" class=\"more-link\"><span class=\"screen-reader-text\">\u201eSchulleitbild\/vodilo\u201c<\/span> weiterlesen<\/a><\/p>\n","protected":false},"author":1,"featured_media":0,"parent":0,"menu_order":0,"comment_status":"closed","ping_status":"closed","template":"","meta":[],"_links":{"self":[{"href":"https:\/\/vs-noetsch.ksn.at\/index.php?rest_route=\/wp\/v2\/pages\/193"}],"collection":[{"href":"https:\/\/vs-noetsch.ksn.at\/index.php?rest_route=\/wp\/v2\/pages"}],"about":[{"href":"https:\/\/vs-noetsch.ksn.at\/index.php?rest_route=\/wp\/v2\/types\/page"}],"author":[{"embeddable":true,"href":"https:\/\/vs-noetsch.ksn.at\/index.php?rest_route=\/wp\/v2\/users\/1"}],"replies":[{"embeddable":true,"href":"https:\/\/vs-noetsch.ksn.at\/index.php?rest_route=%2Fwp%2Fv2%2Fcomments&post=193"}],"version-history":[{"count":6,"href":"https:\/\/vs-noetsch.ksn.at\/index.php?rest_route=\/wp\/v2\/pages\/193\/revisions"}],"predecessor-version":[{"id":667,"href":"https:\/\/vs-noetsch.ksn.at\/index.php?rest_route=\/wp\/v2\/pages\/193\/revisions\/667"}],"wp:attachment":[{"href":"https:\/\/vs-noetsch.ksn.at\/index.php?rest_route=%2Fwp%2Fv2%2Fmedia&parent=193"}],"curies":[{"name":"wp","href":"https:\/\/api.w.org\/{rel}","templated":true}]}}