{"id":191,"date":"2020-12-12T19:41:17","date_gmt":"2020-12-12T19:41:17","guid":{"rendered":"https:\/\/vs-noetsch.ksn.at\/?page_id=191"},"modified":"2022-10-04T10:23:33","modified_gmt":"2022-10-04T10:23:33","slug":"ueber-uns","status":"publish","type":"page","link":"https:\/\/vs-noetsch.ksn.at\/?page_id=191","title":{"rendered":"\u00dcber uns\/o nas"},"content":{"rendered":"<h2>Unser Leitbild<\/h2>\n<p>Im Mittelpunkt unserer Arbeit steht das KIND.<br \/>\nWir betrachten es als unsere Aufgabe, jedes Kind individuell nach seinen F\u00e4higkeiten zu f\u00f6rdern und zu fordern.<br \/>\nH\u00f6flicher und respektvoller Umgang miteinander liegt uns ebenso am Herzen wie gegenseitige Wertsch\u00e4tzung und Toleranz.<br \/>\nEs ist uns wichtig, dass wir Probleme und Konflikte ansprechen und gemeinsam L\u00f6sungen erarbeiten.<br \/>\nWir f\u00f6rdern eine gute Schulpartnerschaft mit den Eltern, mit dem Kindergarten und dem Hort und der Mittelschule.<br \/>\nWir sind offen f\u00fcr Neuerungen und bilden uns laufend fort.<\/p>\n<h2>Wir bieten<\/h2>\n<p>gute Grundschulausbildung<br \/>\nindividuelle F\u00f6rderung<br \/>\nGesundheitserziehung<br \/>\nbewegte Pause bei jedem Wetter<br \/>\nsoziales Lernen<br \/>\nintegrierte Vorschule<br \/>\nBeratung in Erziehungsfragen<br \/>\nSprachheilunterricht<br \/>\nintensive Zusammenarbeit mit Kindergarten und Sch\u00fclerhort<br \/>\ngute Zusammenarbeit mit Eltern und Elternverein<\/p>\n<h2>Zusatzangebote<\/h2>\n<p>Zweisprachiger Unterricht auf allen 4 Schulstufen<br \/>\nEnglisch ab der 1. Schulstufe (1 Wochenstunde)<br \/>\nItalienisch ab der 4. Schulstufe<br \/>\nFreiwillige Radfahrpr\u00fcfung<\/p>\n<h2>P\u00e4dagogische Grundorientierung, Qualit\u00e4t des Unterrichts<\/h2>\n<p>Profunde Grundschulausbildung<br \/>\nBereitschaft zu Leistung und Selbstvertrauen entwickeln<br \/>\nF\u00f6rderung individueller F\u00e4higkeiten und Talente<br \/>\nEinsatz verschiedener Lehr- und Lernformen<br \/>\nAbwechslungsreiches Schulleben<\/p>\n<h2>P\u00e4dagogische Grundorientierung, Pers\u00f6nlichkeitsentwicklung<\/h2>\n<p>H\u00f6flicher und respektvoller Umgang miteinander<br \/>\nGegenseitige Wertsch\u00e4tzung und Toleranz<br \/>\nGutes Klassen- und Schulklima schaffen<br \/>\nGemeinsame Erlebnisse verbinden<br \/>\nGelebte Schulpartnerschaft<br \/>\nProbleme und Konflikte ansprechen<\/p>\n<p><a href=\"https:\/\/vs-noetsch.ksn.at\/wp-content\/uploads\/2021\/03\/Schullogo_rund_sehrklein.png\"><img decoding=\"async\" class=\"aligncenter size-thumbnail wp-image-343\" src=\"https:\/\/vs-noetsch.ksn.at\/wp-content\/uploads\/2021\/03\/Schullogo_rund_sehrklein-150x150.png\" alt=\"\" width=\"150\" height=\"150\" srcset=\"https:\/\/vs-noetsch.ksn.at\/wp-content\/uploads\/2021\/03\/Schullogo_rund_sehrklein-150x150.png 150w, https:\/\/vs-noetsch.ksn.at\/wp-content\/uploads\/2021\/03\/Schullogo_rund_sehrklein-100x100.png 100w\" sizes=\"(max-width: 150px) 100vw, 150px\" \/><\/a><\/p>\n","protected":false},"excerpt":{"rendered":"<p>Unser Leitbild Im Mittelpunkt unserer Arbeit steht das KIND. Wir betrachten es als unsere Aufgabe, jedes Kind individuell nach seinen F\u00e4higkeiten zu f\u00f6rdern und zu fordern. H\u00f6flicher und respektvoller Umgang miteinander liegt uns ebenso am Herzen wie gegenseitige Wertsch\u00e4tzung und Toleranz. Es ist uns wichtig, dass wir Probleme und Konflikte ansprechen und gemeinsam L\u00f6sungen erarbeiten. &hellip; <\/p>\n<p class=\"link-more\"><a href=\"https:\/\/vs-noetsch.ksn.at\/?page_id=191\" class=\"more-link\"><span class=\"screen-reader-text\">\u201e\u00dcber uns\/o nas\u201c<\/span> weiterlesen<\/a><\/p>\n","protected":false},"author":1,"featured_media":0,"parent":0,"menu_order":0,"comment_status":"closed","ping_status":"closed","template":"","meta":[],"_links":{"self":[{"href":"https:\/\/vs-noetsch.ksn.at\/index.php?rest_route=\/wp\/v2\/pages\/191"}],"collection":[{"href":"https:\/\/vs-noetsch.ksn.at\/index.php?rest_route=\/wp\/v2\/pages"}],"about":[{"href":"https:\/\/vs-noetsch.ksn.at\/index.php?rest_route=\/wp\/v2\/types\/page"}],"author":[{"embeddable":true,"href":"https:\/\/vs-noetsch.ksn.at\/index.php?rest_route=\/wp\/v2\/users\/1"}],"replies":[{"embeddable":true,"href":"https:\/\/vs-noetsch.ksn.at\/index.php?rest_route=%2Fwp%2Fv2%2Fcomments&post=191"}],"version-history":[{"count":6,"href":"https:\/\/vs-noetsch.ksn.at\/index.php?rest_route=\/wp\/v2\/pages\/191\/revisions"}],"predecessor-version":[{"id":670,"href":"https:\/\/vs-noetsch.ksn.at\/index.php?rest_route=\/wp\/v2\/pages\/191\/revisions\/670"}],"wp:attachment":[{"href":"https:\/\/vs-noetsch.ksn.at\/index.php?rest_route=%2Fwp%2Fv2%2Fmedia&parent=191"}],"curies":[{"name":"wp","href":"https:\/\/api.w.org\/{rel}","templated":true}]}}